{"id":56,"date":"2025-07-07T17:45:24","date_gmt":"2025-07-07T15:45:24","guid":{"rendered":"https:\/\/mbelaid.greenshelf.net\/index.php\/home\/"},"modified":"2025-07-08T15:55:14","modified_gmt":"2025-07-08T13:55:14","slug":"home","status":"publish","type":"page","link":"https:\/\/mbelaid.greenshelf.net\/","title":{"rendered":"Home"},"content":{"rendered":"\t\t<div data-elementor-type=\"wp-page\" data-elementor-id=\"56\" class=\"elementor elementor-56\">\n\t\t\t\t<div class=\"elementor-element elementor-element-2682e1a8 e-flex e-con-boxed e-con e-parent\" data-id=\"2682e1a8\" data-element_type=\"container\" data-settings=\"{&quot;background_background&quot;:&quot;classic&quot;}\">\n\t\t\t\t\t<div class=\"e-con-inner\">\n\t\t\t\t<div class=\"elementor-element elementor-element-73fa7e40 elementor-widget elementor-widget-heading\" data-id=\"73fa7e40\" data-element_type=\"widget\" data-widget_type=\"heading.default\">\n\t\t\t\t\t<h2 class=\"elementor-heading-title elementor-size-default\">GreenShelf, sauve tes aliments et la plan\u00e8te<\/h2>\t\t\t\t<\/div>\n\t\t\t\t<div class=\"elementor-element elementor-element-7b2135d7 elementor-widget elementor-widget-image\" data-id=\"7b2135d7\" data-element_type=\"widget\" data-widget_type=\"image.default\">\n\t\t\t\t\t\t\t\t\t\t\t\t\t\t\t<img fetchpriority=\"high\" decoding=\"async\" width=\"612\" height=\"408\" src=\"https:\/\/mbelaid.greenshelf.net\/wp-content\/uploads\/2025\/07\/istockphoto-2150750471-612x612-1.webp\" class=\"attachment-full size-full wp-image-85\" alt=\"\" srcset=\"https:\/\/mbelaid.greenshelf.net\/wp-content\/uploads\/2025\/07\/istockphoto-2150750471-612x612-1.webp 612w, https:\/\/mbelaid.greenshelf.net\/wp-content\/uploads\/2025\/07\/istockphoto-2150750471-612x612-1-300x200.webp 300w\" sizes=\"(max-width: 612px) 100vw, 612px\" \/>\t\t\t\t\t\t\t\t\t\t\t\t\t\t\t<\/div>\n\t\t\t\t<div class=\"elementor-element elementor-element-58f8823f elementor-align-center elementor-invisible elementor-widget elementor-widget-button\" data-id=\"58f8823f\" data-element_type=\"widget\" data-settings=\"{&quot;_animation&quot;:&quot;pulse&quot;}\" data-widget_type=\"button.default\">\n\t\t\t\t\t\t\t\t\t\t<a class=\"elementor-button elementor-button-link elementor-size-sm elementor-animation-float\" href=\"https:\/\/library.elementor.com\/juice-bar-flexbox\/menu\/\">\n\t\t\t\t\t\t<span class=\"elementor-button-content-wrapper\">\n\t\t\t\t\t\t\t\t\t<span class=\"elementor-button-text\">Menu<\/span>\n\t\t\t\t\t<\/span>\n\t\t\t\t\t<\/a>\n\t\t\t\t\t\t\t\t<\/div>\n\t\t\t\t\t<\/div>\n\t\t\t\t<\/div>\n\t\t<div class=\"elementor-element elementor-element-2480ba6c e-con-full e-flex e-con e-parent\" data-id=\"2480ba6c\" data-element_type=\"container\" data-settings=\"{&quot;background_background&quot;:&quot;classic&quot;}\">\n\t\t<div class=\"elementor-element elementor-element-175a7998 e-con-full e-flex e-con e-child\" data-id=\"175a7998\" data-element_type=\"container\" data-settings=\"{&quot;background_background&quot;:&quot;classic&quot;}\">\n\t\t\t\t<div class=\"elementor-element elementor-element-6366a16d elementor-widget elementor-widget-heading\" data-id=\"6366a16d\" data-element_type=\"widget\" data-widget_type=\"heading.default\">\n\t\t\t\t\t<h2 class=\"elementor-heading-title elementor-size-default\">GreenShelf, c\u2019est plus qu\u2019une appli : c\u2019est un geste simple pour r\u00e9duire le gaspillage alimentaire. D\u00e9couvre ici notre univers, nos recettes et nos conseils pour agir au quotidien.<\/h2>\t\t\t\t<\/div>\n\t\t\t\t<\/div>\n\t\t\t\t<\/div>\n\t\t<div class=\"elementor-element elementor-element-453ac95e e-con-full e-flex e-con e-parent\" data-id=\"453ac95e\" data-element_type=\"container\" data-settings=\"{&quot;background_background&quot;:&quot;classic&quot;}\">\n\t\t<div class=\"elementor-element elementor-element-30bbc17a animated-slow e-con-full e-flex elementor-invisible e-con e-child\" data-id=\"30bbc17a\" data-element_type=\"container\" data-settings=\"{&quot;animation&quot;:&quot;slideInRight&quot;}\">\n\t\t\t\t<div class=\"elementor-element elementor-element-4daec7df elementor-widget elementor-widget-image\" data-id=\"4daec7df\" data-element_type=\"widget\" data-widget_type=\"image.default\">\n\t\t\t\t\t\t\t\t\t\t\t\t\t\t\t<img decoding=\"async\" width=\"583\" height=\"652\" src=\"https:\/\/mbelaid.greenshelf.net\/wp-content\/uploads\/2025\/07\/HomePage-Product_1.jpg\" class=\"elementor-animation-float attachment-full size-full wp-image-58\" alt=\"\" srcset=\"https:\/\/mbelaid.greenshelf.net\/wp-content\/uploads\/2025\/07\/HomePage-Product_1.jpg 583w, https:\/\/mbelaid.greenshelf.net\/wp-content\/uploads\/2025\/07\/HomePage-Product_1-268x300.jpg 268w\" sizes=\"(max-width: 583px) 100vw, 583px\" \/>\t\t\t\t\t\t\t\t\t\t\t\t\t\t\t<\/div>\n\t\t\t\t<div class=\"elementor-element elementor-element-7a6c47bf elementor-widget elementor-widget-heading\" data-id=\"7a6c47bf\" data-element_type=\"widget\" data-widget_type=\"heading.default\">\n\t\t\t\t\t<h3 class=\"elementor-heading-title elementor-size-default\">smoothies<\/h3>\t\t\t\t<\/div>\n\t\t\t\t<div class=\"elementor-element elementor-element-42342bcd elementor-widget elementor-widget-text-editor\" data-id=\"42342bcd\" data-element_type=\"widget\" data-widget_type=\"text-editor.default\">\n\t\t\t\t\t\t\t\t\t<p>Un m\u00e9lange onctueux de fruits frais mix\u00e9s, pour une pause gourmande et nourrissante.<\/p>\t\t\t\t\t\t\t\t<\/div>\n\t\t\t\t<div class=\"elementor-element elementor-element-53f9a85a elementor-align-center elementor-widget elementor-widget-button\" data-id=\"53f9a85a\" data-element_type=\"widget\" data-widget_type=\"button.default\">\n\t\t\t\t\t\t\t\t\t\t<a class=\"elementor-button elementor-button-link elementor-size-sm elementor-animation-float\" href=\"https:\/\/library.elementor.com\/juice-bar-flexbox\/menu\/#smoothies\">\n\t\t\t\t\t\t<span class=\"elementor-button-content-wrapper\">\n\t\t\t\t\t\t\t\t\t<span class=\"elementor-button-text\">D\u00e9couvrir<\/span>\n\t\t\t\t\t<\/span>\n\t\t\t\t\t<\/a>\n\t\t\t\t\t\t\t\t<\/div>\n\t\t\t\t<\/div>\n\t\t<div class=\"elementor-element elementor-element-106258f6 e-con-full e-flex e-con e-child\" data-id=\"106258f6\" data-element_type=\"container\">\n\t\t\t\t<div class=\"elementor-element elementor-element-9684a38 elementor-widget elementor-widget-image\" data-id=\"9684a38\" data-element_type=\"widget\" data-widget_type=\"image.default\">\n\t\t\t\t\t\t\t\t\t\t\t\t\t\t\t<img decoding=\"async\" width=\"584\" height=\"652\" src=\"https:\/\/mbelaid.greenshelf.net\/wp-content\/uploads\/2025\/07\/HomePage-Product_2.jpg\" class=\"elementor-animation-float attachment-full size-full wp-image-59\" alt=\"\" srcset=\"https:\/\/mbelaid.greenshelf.net\/wp-content\/uploads\/2025\/07\/HomePage-Product_2.jpg 584w, https:\/\/mbelaid.greenshelf.net\/wp-content\/uploads\/2025\/07\/HomePage-Product_2-269x300.jpg 269w\" sizes=\"(max-width: 584px) 100vw, 584px\" \/>\t\t\t\t\t\t\t\t\t\t\t\t\t\t\t<\/div>\n\t\t\t\t<div class=\"elementor-element elementor-element-6d19f033 elementor-widget elementor-widget-heading\" data-id=\"6d19f033\" data-element_type=\"widget\" data-widget_type=\"heading.default\">\n\t\t\t\t\t<h3 class=\"elementor-heading-title elementor-size-default\">Jus de fruits<\/h3>\t\t\t\t<\/div>\n\t\t\t\t<div class=\"elementor-element elementor-element-780eef0 elementor-widget elementor-widget-text-editor\" data-id=\"780eef0\" data-element_type=\"widget\" data-widget_type=\"text-editor.default\">\n\t\t\t\t\t\t\t\t\t<p>Un concentr\u00e9 de fra\u00eecheur press\u00e9e, id\u00e9al pour faire le plein de vitamines naturellement.<\/p>\t\t\t\t\t\t\t\t<\/div>\n\t\t\t\t<div class=\"elementor-element elementor-element-42dabc4c elementor-align-center elementor-widget elementor-widget-button\" data-id=\"42dabc4c\" data-element_type=\"widget\" data-widget_type=\"button.default\">\n\t\t\t\t\t\t\t\t\t\t<a class=\"elementor-button elementor-button-link elementor-size-sm elementor-animation-float\" href=\"https:\/\/library.elementor.com\/juice-bar-flexbox\/menu\/#pressed_juices\">\n\t\t\t\t\t\t<span class=\"elementor-button-content-wrapper\">\n\t\t\t\t\t\t\t\t\t<span class=\"elementor-button-text\">d\u00e9couvrir<\/span>\n\t\t\t\t\t<\/span>\n\t\t\t\t\t<\/a>\n\t\t\t\t\t\t\t\t<\/div>\n\t\t\t\t<\/div>\n\t\t<div class=\"elementor-element elementor-element-703eba69 animated-slow e-con-full e-flex elementor-invisible e-con e-child\" data-id=\"703eba69\" data-element_type=\"container\" data-settings=\"{&quot;animation&quot;:&quot;slideInLeft&quot;}\">\n\t\t\t\t<div class=\"elementor-element elementor-element-73d441e1 elementor-widget elementor-widget-image\" data-id=\"73d441e1\" data-element_type=\"widget\" data-widget_type=\"image.default\">\n\t\t\t\t\t\t\t\t\t\t\t\t\t\t\t<img loading=\"lazy\" decoding=\"async\" width=\"577\" height=\"652\" src=\"https:\/\/mbelaid.greenshelf.net\/wp-content\/uploads\/2025\/07\/HomePage-Product_3.jpg\" class=\"elementor-animation-float attachment-full size-full wp-image-60\" alt=\"\" srcset=\"https:\/\/mbelaid.greenshelf.net\/wp-content\/uploads\/2025\/07\/HomePage-Product_3.jpg 577w, https:\/\/mbelaid.greenshelf.net\/wp-content\/uploads\/2025\/07\/HomePage-Product_3-265x300.jpg 265w\" sizes=\"(max-width: 577px) 100vw, 577px\" \/>\t\t\t\t\t\t\t\t\t\t\t\t\t\t\t<\/div>\n\t\t\t\t<div class=\"elementor-element elementor-element-332ba3c3 elementor-widget elementor-widget-heading\" data-id=\"332ba3c3\" data-element_type=\"widget\" data-widget_type=\"heading.default\">\n\t\t\t\t\t<h3 class=\"elementor-heading-title elementor-size-default\">shot vitamin\u00e9<\/h3>\t\t\t\t<\/div>\n\t\t\t\t<div class=\"elementor-element elementor-element-29942e65 elementor-widget elementor-widget-text-editor\" data-id=\"29942e65\" data-element_type=\"widget\" data-widget_type=\"text-editor.default\">\n\t\t\t\t\t\t\t\t\t<p>Une petite dose puissante de fruits, racines ou super-aliments pour booster l\u2019\u00e9nergie en un clin d\u2019\u0153il.<\/p>\t\t\t\t\t\t\t\t<\/div>\n\t\t\t\t<div class=\"elementor-element elementor-element-2c78e1b elementor-align-center elementor-widget elementor-widget-button\" data-id=\"2c78e1b\" data-element_type=\"widget\" data-widget_type=\"button.default\">\n\t\t\t\t\t\t\t\t\t\t<a class=\"elementor-button elementor-button-link elementor-size-sm elementor-animation-float\" href=\"https:\/\/library.elementor.com\/juice-bar-flexbox\/menu\/#wellness_shots\">\n\t\t\t\t\t\t<span class=\"elementor-button-content-wrapper\">\n\t\t\t\t\t\t\t\t\t<span class=\"elementor-button-text\">d\u00e9couvrir<\/span>\n\t\t\t\t\t<\/span>\n\t\t\t\t\t<\/a>\n\t\t\t\t\t\t\t\t<\/div>\n\t\t\t\t<\/div>\n\t\t\t\t<\/div>\n\t\t<div class=\"elementor-element elementor-element-13f499b4 e-con-full e-flex e-con e-parent\" data-id=\"13f499b4\" data-element_type=\"container\" data-settings=\"{&quot;background_background&quot;:&quot;classic&quot;}\">\n\t\t<div class=\"elementor-element elementor-element-7a0a4d4b e-con-full e-flex e-con e-child\" data-id=\"7a0a4d4b\" data-element_type=\"container\">\n\t\t\t\t<div class=\"elementor-element elementor-element-1990d4b5 animated-slow elementor-invisible elementor-widget elementor-widget-image\" data-id=\"1990d4b5\" data-element_type=\"widget\" data-settings=\"{&quot;_animation&quot;:&quot;slideInRight&quot;}\" data-widget_type=\"image.default\">\n\t\t\t\t\t\t\t\t\t\t\t\t\t\t\t<img loading=\"lazy\" decoding=\"async\" width=\"509\" height=\"826\" src=\"https:\/\/mbelaid.greenshelf.net\/wp-content\/uploads\/2025\/07\/HomePage-AboutUs.jpg\" class=\"attachment-full size-full wp-image-61\" alt=\"\" srcset=\"https:\/\/mbelaid.greenshelf.net\/wp-content\/uploads\/2025\/07\/HomePage-AboutUs.jpg 509w, https:\/\/mbelaid.greenshelf.net\/wp-content\/uploads\/2025\/07\/HomePage-AboutUs-185x300.jpg 185w\" sizes=\"(max-width: 509px) 100vw, 509px\" \/>\t\t\t\t\t\t\t\t\t\t\t\t\t\t\t<\/div>\n\t\t\t\t<\/div>\n\t\t<div class=\"elementor-element elementor-element-4c62e2ff e-con-full e-flex e-con e-child\" data-id=\"4c62e2ff\" data-element_type=\"container\">\n\t\t\t\t<div class=\"elementor-element elementor-element-230d14e8 elementor-widget elementor-widget-heading\" data-id=\"230d14e8\" data-element_type=\"widget\" data-widget_type=\"heading.default\">\n\t\t\t\t\t<h2 class=\"elementor-heading-title elementor-size-default\">L\u2019\u00e9t\u00e9 sans g\u00e2chis, c\u2019est encore plus rafra\u00eechi !<\/h2>\t\t\t\t<\/div>\n\t\t\t\t<div class=\"elementor-element elementor-element-523c7dc elementor-widget elementor-widget-text-editor\" data-id=\"523c7dc\" data-element_type=\"widget\" data-widget_type=\"text-editor.default\">\n\t\t\t\t\t\t\t\t\t<p>L\u2019anti-gaspillage alimentaire, c\u2019est avant tout une question de bon sens et de petits gestes au quotidien. En apprenant \u00e0 mieux conserver, cuisiner les restes ou simplement acheter en juste quantit\u00e9, on \u00e9vite de jeter des aliments encore bons. C\u2019est bon pour la plan\u00e8te, pour le portefeuille et \u00e7a donne souvent lieu \u00e0 de belles surprises en cuisine ! Chacun \u00e0 son \u00e9chelle peut faire la diff\u00e9rence.<\/p>\t\t\t\t\t\t\t\t<\/div>\n\t\t\t\t<div class=\"elementor-element elementor-element-50d6a059 elementor-tablet-align-center elementor-widget elementor-widget-button\" data-id=\"50d6a059\" data-element_type=\"widget\" data-widget_type=\"button.default\">\n\t\t\t\t\t\t\t\t\t\t<a class=\"elementor-button elementor-button-link elementor-size-sm elementor-animation-float\" href=\"https:\/\/library.elementor.com\/juice-bar-flexbox\/about\/\">\n\t\t\t\t\t\t<span class=\"elementor-button-content-wrapper\">\n\t\t\t\t\t\t\t\t\t<span class=\"elementor-button-text\">\u00e0 propos de nous<\/span>\n\t\t\t\t\t<\/span>\n\t\t\t\t\t<\/a>\n\t\t\t\t\t\t\t\t<\/div>\n\t\t\t\t<\/div>\n\t\t\t\t<\/div>\n\t\t<div class=\"elementor-element elementor-element-7c3c9e0b e-flex e-con-boxed e-con e-parent\" data-id=\"7c3c9e0b\" data-element_type=\"container\">\n\t\t\t\t\t<div class=\"e-con-inner\">\n\t\t<div class=\"elementor-element elementor-element-18fbac87 e-con-full e-flex e-con e-child\" data-id=\"18fbac87\" data-element_type=\"container\">\n\t\t\t\t<div class=\"elementor-element elementor-element-32ddf115 elementor-widget elementor-widget-heading\" data-id=\"32ddf115\" data-element_type=\"widget\" data-widget_type=\"heading.default\">\n\t\t\t\t\t<h2 class=\"elementor-heading-title elementor-size-default\"><em data-start=\"115\" data-end=\"135\">Jus carotte soleil<\/em><\/h2>\t\t\t\t<\/div>\n\t\t\t\t<div class=\"elementor-element elementor-element-3f874dbd elementor-widget elementor-widget-text-editor\" data-id=\"3f874dbd\" data-element_type=\"widget\" data-widget_type=\"text-editor.default\">\n\t\t\t\t\t\t\t\t\t<p>Un jus doux, color\u00e9 et riche en vitamines, parfait pour faire le plein d\u2019\u00e9nergie naturellement. Mixe des carottes fra\u00eeches avec une orange, un petit morceau de gingembre et un trait de citron pour une boisson aussi rafra\u00eechissante que bonne pour la peau !<\/p>\t\t\t\t\t\t\t\t<\/div>\n\t\t\t\t<div class=\"elementor-element elementor-element-372d943e elementor-tablet-align-center elementor-widget elementor-widget-button\" data-id=\"372d943e\" data-element_type=\"widget\" data-widget_type=\"button.default\">\n\t\t\t\t\t\t\t\t\t\t<a class=\"elementor-button elementor-button-link elementor-size-sm elementor-animation-float\" href=\"https:\/\/library.elementor.com\/juice-bar-flexbox\/contact\/\">\n\t\t\t\t\t\t<span class=\"elementor-button-content-wrapper\">\n\t\t\t\t\t\t\t\t\t<span class=\"elementor-button-text\">contact<\/span>\n\t\t\t\t\t<\/span>\n\t\t\t\t\t<\/a>\n\t\t\t\t\t\t\t\t<\/div>\n\t\t\t\t<\/div>\n\t\t<div class=\"elementor-element elementor-element-5431b8bd e-con-full e-flex e-con e-child\" data-id=\"5431b8bd\" data-element_type=\"container\">\n\t\t\t\t<div class=\"elementor-element elementor-element-216702ae e-transform elementor-invisible elementor-widget elementor-widget-image\" data-id=\"216702ae\" data-element_type=\"widget\" data-settings=\"{&quot;_transform_rotateZ_effect&quot;:{&quot;unit&quot;:&quot;px&quot;,&quot;size&quot;:15,&quot;sizes&quot;:[]},&quot;_animation&quot;:&quot;rotateInDownLeft&quot;,&quot;_transform_rotateZ_effect_tablet&quot;:{&quot;unit&quot;:&quot;deg&quot;,&quot;size&quot;:&quot;&quot;,&quot;sizes&quot;:[]},&quot;_transform_rotateZ_effect_mobile&quot;:{&quot;unit&quot;:&quot;deg&quot;,&quot;size&quot;:&quot;&quot;,&quot;sizes&quot;:[]}}\" data-widget_type=\"image.default\">\n\t\t\t\t\t\t\t\t\t\t\t\t\t\t\t<img loading=\"lazy\" decoding=\"async\" width=\"509\" height=\"825\" src=\"https:\/\/mbelaid.greenshelf.net\/wp-content\/uploads\/2025\/07\/HomePage-Footer.jpg\" class=\"attachment-full size-full wp-image-62\" alt=\"\" srcset=\"https:\/\/mbelaid.greenshelf.net\/wp-content\/uploads\/2025\/07\/HomePage-Footer.jpg 509w, https:\/\/mbelaid.greenshelf.net\/wp-content\/uploads\/2025\/07\/HomePage-Footer-185x300.jpg 185w\" sizes=\"(max-width: 509px) 100vw, 509px\" \/>\t\t\t\t\t\t\t\t\t\t\t\t\t\t\t<\/div>\n\t\t\t\t<\/div>\n\t\t\t\t\t<\/div>\n\t\t\t\t<\/div>\n\t\t\t\t<\/div>\n\t\t","protected":false},"excerpt":{"rendered":"<p>GreenShelf, sauve tes aliments et la plan\u00e8te Menu GreenShelf, c\u2019est plus qu\u2019une appli : c\u2019est un geste simple pour r\u00e9duire le gaspillage alimentaire. D\u00e9couvre ici notre univers, nos recettes et nos conseils pour agir au quotidien. smoothies Un m\u00e9lange onctueux de fruits frais mix\u00e9s, pour une pause gourmande et nourrissante. D\u00e9couvrir Jus de fruits Un [&hellip;]<\/p>\n","protected":false},"author":1,"featured_media":65,"parent":0,"menu_order":0,"comment_status":"closed","ping_status":"closed","template":"elementor_header_footer","meta":{"footnotes":""},"class_list":["post-56","page","type-page","status-publish","has-post-thumbnail","hentry"],"_links":{"self":[{"href":"https:\/\/mbelaid.greenshelf.net\/index.php\/wp-json\/wp\/v2\/pages\/56","targetHints":{"allow":["GET"]}}],"collection":[{"href":"https:\/\/mbelaid.greenshelf.net\/index.php\/wp-json\/wp\/v2\/pages"}],"about":[{"href":"https:\/\/mbelaid.greenshelf.net\/index.php\/wp-json\/wp\/v2\/types\/page"}],"author":[{"embeddable":true,"href":"https:\/\/mbelaid.greenshelf.net\/index.php\/wp-json\/wp\/v2\/users\/1"}],"replies":[{"embeddable":true,"href":"https:\/\/mbelaid.greenshelf.net\/index.php\/wp-json\/wp\/v2\/comments?post=56"}],"version-history":[{"count":16,"href":"https:\/\/mbelaid.greenshelf.net\/index.php\/wp-json\/wp\/v2\/pages\/56\/revisions"}],"predecessor-version":[{"id":114,"href":"https:\/\/mbelaid.greenshelf.net\/index.php\/wp-json\/wp\/v2\/pages\/56\/revisions\/114"}],"wp:featuredmedia":[{"embeddable":true,"href":"https:\/\/mbelaid.greenshelf.net\/index.php\/wp-json\/wp\/v2\/media\/65"}],"wp:attachment":[{"href":"https:\/\/mbelaid.greenshelf.net\/index.php\/wp-json\/wp\/v2\/media?parent=56"}],"curies":[{"name":"wp","href":"https:\/\/api.w.org\/{rel}","templated":true}]}}