{"id":45,"date":"2025-07-07T17:45:23","date_gmt":"2025-07-07T15:45:23","guid":{"rendered":"https:\/\/mbelaid.greenshelf.net\/index.php\/about\/"},"modified":"2025-07-08T16:09:52","modified_gmt":"2025-07-08T14:09:52","slug":"notre-mission","status":"publish","type":"page","link":"https:\/\/mbelaid.greenshelf.net\/index.php\/notre-mission\/","title":{"rendered":"Notre mission"},"content":{"rendered":"\t\t<div data-elementor-type=\"wp-page\" data-elementor-id=\"45\" class=\"elementor elementor-45\">\n\t\t\t\t<div class=\"elementor-element elementor-element-e52473b e-flex e-con-boxed e-con e-parent\" data-id=\"e52473b\" data-element_type=\"container\" data-settings=\"{&quot;background_background&quot;:&quot;classic&quot;}\">\n\t\t\t\t\t<div class=\"e-con-inner\">\n\t\t<div class=\"elementor-element elementor-element-4948ece8 e-con-full e-flex e-con e-child\" data-id=\"4948ece8\" data-element_type=\"container\">\n\t\t\t\t<div class=\"elementor-element elementor-element-1ae26f94 elementor-widget elementor-widget-heading\" data-id=\"1ae26f94\" data-element_type=\"widget\" data-widget_type=\"heading.default\">\n\t\t\t\t\t<h1 class=\"elementor-heading-title elementor-size-default\">Notre mission : r\u00e9duire le gaspillage, un geste \u00e0 la fois<\/h1>\t\t\t\t<\/div>\n\t\t\t\t<div class=\"elementor-element elementor-element-7706edb5 elementor-widget elementor-widget-text-editor\" data-id=\"7706edb5\" data-element_type=\"widget\" data-widget_type=\"text-editor.default\">\n\t\t\t\t\t\t\t\t\t<p>Chez GreenShelf, notre mission est d\u2019aider chacun \u00e0 <strong data-start=\"140\" data-end=\"191\">r\u00e9duire le gaspillage alimentaire \u00e0 son \u00e9chelle<\/strong>, sans pression ni complexit\u00e9. GreenShelf n\u2019est pas une appli de plus, c\u2019est un <strong data-start=\"271\" data-end=\"293\">outil du quotidien<\/strong> pour cuisiner malin, en valorisant ce qu\u2019on a d\u00e9j\u00e0 dans le frigo ou les placards. On y trouve des <strong data-start=\"392\" data-end=\"439\">recettes simples, accessibles et anti-gaspi<\/strong>, pens\u00e9es pour s\u2019adapter aux restes et aux ingr\u00e9dients du moment. Parce que faire attention \u00e0 ce qu\u2019on mange, c\u2019est aussi prendre soin de la plan\u00e8te \u2014 et \u00e7a peut commencer d\u00e8s maintenant, chez soi.<\/p>\t\t\t\t\t\t\t\t<\/div>\n\t\t\t\t<\/div>\n\t\t<div class=\"elementor-element elementor-element-49631ca3 e-con-full e-flex e-con e-child\" data-id=\"49631ca3\" data-element_type=\"container\">\n\t\t\t\t<div class=\"elementor-element elementor-element-660b9563 animated-slow elementor-invisible elementor-widget elementor-widget-image\" data-id=\"660b9563\" data-element_type=\"widget\" data-settings=\"{&quot;_animation&quot;:&quot;slideInLeft&quot;}\" data-widget_type=\"image.default\">\n\t\t\t\t\t\t\t\t\t\t\t\t\t\t\t<img fetchpriority=\"high\" decoding=\"async\" width=\"693\" height=\"427\" src=\"https:\/\/mbelaid.greenshelf.net\/wp-content\/uploads\/2025\/07\/AboutPage-Hero.jpg\" class=\"attachment-full size-full wp-image-46\" alt=\"\" srcset=\"https:\/\/mbelaid.greenshelf.net\/wp-content\/uploads\/2025\/07\/AboutPage-Hero.jpg 693w, https:\/\/mbelaid.greenshelf.net\/wp-content\/uploads\/2025\/07\/AboutPage-Hero-300x185.jpg 300w\" sizes=\"(max-width: 693px) 100vw, 693px\" \/>\t\t\t\t\t\t\t\t\t\t\t\t\t\t\t<\/div>\n\t\t\t\t<\/div>\n\t\t\t\t\t<\/div>\n\t\t\t\t<\/div>\n\t\t<div class=\"elementor-element elementor-element-3268fed6 e-con-full e-flex e-con e-parent\" data-id=\"3268fed6\" data-element_type=\"container\" data-settings=\"{&quot;background_background&quot;:&quot;classic&quot;}\">\n\t\t<div class=\"elementor-element elementor-element-49cfd607 e-con-full e-flex e-con e-child\" data-id=\"49cfd607\" data-element_type=\"container\">\n\t\t\t\t<div class=\"elementor-element elementor-element-6e776925 animated-slow e-transform elementor-invisible elementor-widget elementor-widget-image\" data-id=\"6e776925\" data-element_type=\"widget\" data-settings=\"{&quot;_animation&quot;:&quot;rotateInDownRight&quot;,&quot;_transform_rotateZ_effect&quot;:{&quot;unit&quot;:&quot;px&quot;,&quot;size&quot;:-15,&quot;sizes&quot;:[]},&quot;_transform_rotateZ_effect_tablet&quot;:{&quot;unit&quot;:&quot;deg&quot;,&quot;size&quot;:&quot;&quot;,&quot;sizes&quot;:[]},&quot;_transform_rotateZ_effect_mobile&quot;:{&quot;unit&quot;:&quot;deg&quot;,&quot;size&quot;:&quot;&quot;,&quot;sizes&quot;:[]}}\" data-widget_type=\"image.default\">\n\t\t\t\t\t\t\t\t\t\t\t\t\t\t\t<img decoding=\"async\" width=\"469\" height=\"763\" src=\"https:\/\/mbelaid.greenshelf.net\/wp-content\/uploads\/2025\/07\/AboutPage-Services.jpg\" class=\"attachment-full size-full wp-image-47\" alt=\"\" srcset=\"https:\/\/mbelaid.greenshelf.net\/wp-content\/uploads\/2025\/07\/AboutPage-Services.jpg 469w, https:\/\/mbelaid.greenshelf.net\/wp-content\/uploads\/2025\/07\/AboutPage-Services-184x300.jpg 184w\" sizes=\"(max-width: 469px) 100vw, 469px\" \/>\t\t\t\t\t\t\t\t\t\t\t\t\t\t\t<\/div>\n\t\t\t\t<\/div>\n\t\t<div class=\"elementor-element elementor-element-6fcfd4e9 e-con-full e-flex e-con e-child\" data-id=\"6fcfd4e9\" data-element_type=\"container\">\n\t\t\t\t<div class=\"elementor-element elementor-element-651ee352 elementor-widget elementor-widget-heading\" data-id=\"651ee352\" data-element_type=\"widget\" data-widget_type=\"heading.default\">\n\t\t\t\t\t<h2 class=\"elementor-heading-title elementor-size-default\">Moins gaspiller, sans se compliquer<\/h2>\t\t\t\t<\/div>\n\t\t\t\t<div class=\"elementor-element elementor-element-1012d3e0 elementor-widget elementor-widget-text-editor\" data-id=\"1012d3e0\" data-element_type=\"widget\" data-widget_type=\"text-editor.default\">\n\t\t\t\t\t\t\t\t\t<p>Chez GreenShelf, on croit qu\u2019on peut tous agir \u00e0 notre rythme, sans bouleverser nos habitudes. Notre objectif, c\u2019est de <strong data-start=\"284\" data-end=\"336\">rendre l\u2019anti-gaspi facile, concret et inspirant<\/strong>, en montrant que chaque reste peut devenir une bonne id\u00e9e cuisine. On ne vise pas la perfection, mais le bon r\u00e9flexe au bon moment \u2014 pour soi, pour son budget, et pour la plan\u00e8te.<\/p>\t\t\t\t\t\t\t\t<\/div>\n\t\t\t\t<div class=\"elementor-element elementor-element-7bc0686f elementor-icon-list--layout-traditional elementor-list-item-link-full_width elementor-widget elementor-widget-icon-list\" data-id=\"7bc0686f\" data-element_type=\"widget\" data-widget_type=\"icon-list.default\">\n\t\t\t\t\t\t\t<ul class=\"elementor-icon-list-items\">\n\t\t\t\t\t\t\t<li class=\"elementor-icon-list-item\">\n\t\t\t\t\t\t\t\t\t\t<span class=\"elementor-icon-list-text\"><\/span>\n\t\t\t\t\t\t\t\t\t<\/li>\n\t\t\t\t\t\t<\/ul>\n\t\t\t\t\t\t<\/div>\n\t\t\t\t<\/div>\n\t\t\t\t<\/div>\n\t\t<div class=\"elementor-element elementor-element-9b6cd6c e-flex e-con-boxed e-con e-parent\" data-id=\"9b6cd6c\" data-element_type=\"container\">\n\t\t\t\t\t<div class=\"e-con-inner\">\n\t\t\t\t<div class=\"elementor-element elementor-element-2a3ea85a elementor-widget elementor-widget-heading\" data-id=\"2a3ea85a\" data-element_type=\"widget\" data-widget_type=\"heading.default\">\n\t\t\t\t\t<h2 class=\"elementor-heading-title elementor-size-default\">We are a unique mix of people who love juice <\/h2>\t\t\t\t<\/div>\n\t\t<div class=\"elementor-element elementor-element-7f86acac e-con-full e-flex e-con e-child\" data-id=\"7f86acac\" data-element_type=\"container\">\n\t\t<div class=\"elementor-element elementor-element-2f264fd8 animated-slow e-con-full e-flex elementor-invisible e-con e-child\" data-id=\"2f264fd8\" data-element_type=\"container\" data-settings=\"{&quot;animation&quot;:&quot;slideInRight&quot;,&quot;animation_tablet&quot;:&quot;fadeIn&quot;}\">\n\t\t\t\t<div class=\"elementor-element elementor-element-44b56f72 elementor-position-top elementor-widget elementor-widget-image-box\" data-id=\"44b56f72\" data-element_type=\"widget\" data-widget_type=\"image-box.default\">\n\t\t\t\t\t<div class=\"elementor-image-box-wrapper\"><figure class=\"elementor-image-box-img\"><img decoding=\"async\" width=\"355\" height=\"398\" src=\"https:\/\/mbelaid.greenshelf.net\/wp-content\/uploads\/2025\/07\/AboutPage-Team_01.jpg\" class=\"elementor-animation-float attachment-full size-full wp-image-49\" alt=\"\" srcset=\"https:\/\/mbelaid.greenshelf.net\/wp-content\/uploads\/2025\/07\/AboutPage-Team_01.jpg 355w, https:\/\/mbelaid.greenshelf.net\/wp-content\/uploads\/2025\/07\/AboutPage-Team_01-268x300.jpg 268w\" sizes=\"(max-width: 355px) 100vw, 355px\" \/><\/figure><div class=\"elementor-image-box-content\"><h3 class=\"elementor-image-box-title\">Tiana Shelton<\/h3><p class=\"elementor-image-box-description\">Founding Partner<\/p><\/div><\/div>\t\t\t\t<\/div>\n\t\t\t\t<\/div>\n\t\t<div class=\"elementor-element elementor-element-1331929a e-con-full e-flex e-con e-child\" data-id=\"1331929a\" data-element_type=\"container\" data-settings=\"{&quot;animation_tablet&quot;:&quot;fadeIn&quot;}\">\n\t\t\t\t<div class=\"elementor-element elementor-element-2a8e7309 elementor-position-top elementor-widget elementor-widget-image-box\" data-id=\"2a8e7309\" data-element_type=\"widget\" data-widget_type=\"image-box.default\">\n\t\t\t\t\t<div class=\"elementor-image-box-wrapper\"><figure class=\"elementor-image-box-img\"><img loading=\"lazy\" decoding=\"async\" width=\"356\" height=\"398\" src=\"https:\/\/mbelaid.greenshelf.net\/wp-content\/uploads\/2025\/07\/AboutPage-Team_02.jpg\" class=\"elementor-animation-float attachment-full size-full wp-image-50\" alt=\"\" srcset=\"https:\/\/mbelaid.greenshelf.net\/wp-content\/uploads\/2025\/07\/AboutPage-Team_02.jpg 356w, https:\/\/mbelaid.greenshelf.net\/wp-content\/uploads\/2025\/07\/AboutPage-Team_02-268x300.jpg 268w\" sizes=\"(max-width: 356px) 100vw, 356px\" \/><\/figure><div class=\"elementor-image-box-content\"><h3 class=\"elementor-image-box-title\">Eryk Buallock<\/h3><p class=\"elementor-image-box-description\">Founder and Manager<\/p><\/div><\/div>\t\t\t\t<\/div>\n\t\t\t\t<\/div>\n\t\t<div class=\"elementor-element elementor-element-4bec198c e-con-full e-flex e-con e-child\" data-id=\"4bec198c\" data-element_type=\"container\" data-settings=\"{&quot;animation_tablet&quot;:&quot;fadeIn&quot;}\">\n\t\t\t\t<div class=\"elementor-element elementor-element-7ee651f2 elementor-position-top elementor-widget elementor-widget-image-box\" data-id=\"7ee651f2\" data-element_type=\"widget\" data-widget_type=\"image-box.default\">\n\t\t\t\t\t<div class=\"elementor-image-box-wrapper\"><figure class=\"elementor-image-box-img\"><img loading=\"lazy\" decoding=\"async\" width=\"356\" height=\"398\" src=\"https:\/\/mbelaid.greenshelf.net\/wp-content\/uploads\/2025\/07\/AboutPage-Team_03.jpg\" class=\"elementor-animation-float attachment-full size-full wp-image-51\" alt=\"\" srcset=\"https:\/\/mbelaid.greenshelf.net\/wp-content\/uploads\/2025\/07\/AboutPage-Team_03.jpg 356w, https:\/\/mbelaid.greenshelf.net\/wp-content\/uploads\/2025\/07\/AboutPage-Team_03-268x300.jpg 268w\" sizes=\"(max-width: 356px) 100vw, 356px\" \/><\/figure><div class=\"elementor-image-box-content\"><h3 class=\"elementor-image-box-title\">Caloe Austin<\/h3><p class=\"elementor-image-box-description\">Juice Expert<\/p><\/div><\/div>\t\t\t\t<\/div>\n\t\t\t\t<\/div>\n\t\t<div class=\"elementor-element elementor-element-220eb232 animated-slow e-con-full e-flex elementor-invisible e-con e-child\" data-id=\"220eb232\" data-element_type=\"container\" data-settings=\"{&quot;animation&quot;:&quot;slideInLeft&quot;,&quot;animation_tablet&quot;:&quot;fadeIn&quot;}\">\n\t\t\t\t<div class=\"elementor-element elementor-element-41ebe9a3 elementor-position-top elementor-widget elementor-widget-image-box\" data-id=\"41ebe9a3\" data-element_type=\"widget\" data-widget_type=\"image-box.default\">\n\t\t\t\t\t<div class=\"elementor-image-box-wrapper\"><figure class=\"elementor-image-box-img\"><img loading=\"lazy\" decoding=\"async\" width=\"356\" height=\"398\" src=\"https:\/\/mbelaid.greenshelf.net\/wp-content\/uploads\/2025\/07\/AboutPage-Team_04.jpg\" class=\"elementor-animation-float attachment-full size-full wp-image-52\" alt=\"\" srcset=\"https:\/\/mbelaid.greenshelf.net\/wp-content\/uploads\/2025\/07\/AboutPage-Team_04.jpg 356w, https:\/\/mbelaid.greenshelf.net\/wp-content\/uploads\/2025\/07\/AboutPage-Team_04-268x300.jpg 268w\" sizes=\"(max-width: 356px) 100vw, 356px\" \/><\/figure><div class=\"elementor-image-box-content\"><h3 class=\"elementor-image-box-title\">Ayden Neale<\/h3><p class=\"elementor-image-box-description\">Juice Expert<\/p><\/div><\/div>\t\t\t\t<\/div>\n\t\t\t\t<\/div>\n\t\t\t\t<\/div>\n\t\t\t\t\t<\/div>\n\t\t\t\t<\/div>\n\t\t<div class=\"elementor-element elementor-element-758d2647 e-con-full e-flex e-con e-parent\" data-id=\"758d2647\" data-element_type=\"container\" data-settings=\"{&quot;background_background&quot;:&quot;classic&quot;}\">\n\t\t<div class=\"elementor-element elementor-element-77f90f75 e-con-full e-flex e-con e-child\" data-id=\"77f90f75\" data-element_type=\"container\" data-settings=\"{&quot;background_background&quot;:&quot;classic&quot;}\">\n\t\t\t\t<div class=\"elementor-element elementor-element-10f4d205 elementor-widget elementor-widget-heading\" data-id=\"10f4d205\" data-element_type=\"widget\" data-widget_type=\"heading.default\">\n\t\t\t\t\t<h2 class=\"elementor-heading-title elementor-size-default\">\u201cif you\u2019re in the area, you must visit juiceito and try their juice!\u201d<\/h2>\t\t\t\t<\/div>\n\t\t\t\t<div class=\"elementor-element elementor-element-18da881a elementor-widget elementor-widget-heading\" data-id=\"18da881a\" data-element_type=\"widget\" data-widget_type=\"heading.default\">\n\t\t\t\t\t<h4 class=\"elementor-heading-title elementor-size-default\">- Liana Rooney, food journalist  -<\/h4>\t\t\t\t<\/div>\n\t\t\t\t<\/div>\n\t\t\t\t<\/div>\n\t\t<div class=\"elementor-element elementor-element-6b994146 e-flex e-con-boxed e-con e-parent\" data-id=\"6b994146\" data-element_type=\"container\" data-settings=\"{&quot;background_background&quot;:&quot;classic&quot;}\">\n\t\t\t\t\t<div class=\"e-con-inner\">\n\t\t\t\t<div class=\"elementor-element elementor-element-182f20de elementor-widget elementor-widget-image\" data-id=\"182f20de\" data-element_type=\"widget\" data-widget_type=\"image.default\">\n\t\t\t\t\t\t\t\t\t\t\t\t\t\t\t<img loading=\"lazy\" decoding=\"async\" width=\"1453\" height=\"503\" src=\"https:\/\/mbelaid.greenshelf.net\/wp-content\/uploads\/2025\/07\/AboutPage-Footer.jpg\" class=\"attachment-full size-full wp-image-41\" alt=\"\" srcset=\"https:\/\/mbelaid.greenshelf.net\/wp-content\/uploads\/2025\/07\/AboutPage-Footer.jpg 1453w, https:\/\/mbelaid.greenshelf.net\/wp-content\/uploads\/2025\/07\/AboutPage-Footer-300x104.jpg 300w, https:\/\/mbelaid.greenshelf.net\/wp-content\/uploads\/2025\/07\/AboutPage-Footer-1024x354.jpg 1024w, https:\/\/mbelaid.greenshelf.net\/wp-content\/uploads\/2025\/07\/AboutPage-Footer-768x266.jpg 768w\" sizes=\"(max-width: 1453px) 100vw, 1453px\" \/>\t\t\t\t\t\t\t\t\t\t\t\t\t\t\t<\/div>\n\t\t\t\t<div class=\"elementor-element elementor-element-a84309a elementor-widget elementor-widget-heading\" data-id=\"a84309a\" data-element_type=\"widget\" data-widget_type=\"heading.default\">\n\t\t\t\t\t<h2 class=\"elementor-heading-title elementor-size-default\">Need a fresh surprise for your next event?<\/h2>\t\t\t\t<\/div>\n\t\t\t\t<div class=\"elementor-element elementor-element-2562ae92 elementor-align-center elementor-invisible elementor-widget elementor-widget-button\" data-id=\"2562ae92\" data-element_type=\"widget\" data-settings=\"{&quot;_animation&quot;:&quot;pulse&quot;}\" data-widget_type=\"button.default\">\n\t\t\t\t\t\t\t\t\t\t<a class=\"elementor-button elementor-button-link elementor-size-sm elementor-animation-float\" href=\"https:\/\/library.elementor.com\/juice-bar-flexbox\/contact\/\">\n\t\t\t\t\t\t<span class=\"elementor-button-content-wrapper\">\n\t\t\t\t\t\t\t\t\t<span class=\"elementor-button-text\">Contact<\/span>\n\t\t\t\t\t<\/span>\n\t\t\t\t\t<\/a>\n\t\t\t\t\t\t\t\t<\/div>\n\t\t\t\t\t<\/div>\n\t\t\t\t<\/div>\n\t\t\t\t<\/div>\n\t\t","protected":false},"excerpt":{"rendered":"<p>Notre mission : r\u00e9duire le gaspillage, un geste \u00e0 la fois Chez GreenShelf, notre mission est d\u2019aider chacun \u00e0 r\u00e9duire le gaspillage alimentaire \u00e0 son \u00e9chelle, sans pression ni complexit\u00e9. GreenShelf n\u2019est pas une appli de plus, c\u2019est un outil du quotidien pour cuisiner malin, en valorisant ce qu\u2019on a d\u00e9j\u00e0 dans le frigo ou [&hellip;]<\/p>\n","protected":false},"author":1,"featured_media":55,"parent":0,"menu_order":0,"comment_status":"closed","ping_status":"closed","template":"elementor_header_footer","meta":{"footnotes":""},"class_list":["post-45","page","type-page","status-publish","has-post-thumbnail","hentry"],"_links":{"self":[{"href":"https:\/\/mbelaid.greenshelf.net\/index.php\/wp-json\/wp\/v2\/pages\/45","targetHints":{"allow":["GET"]}}],"collection":[{"href":"https:\/\/mbelaid.greenshelf.net\/index.php\/wp-json\/wp\/v2\/pages"}],"about":[{"href":"https:\/\/mbelaid.greenshelf.net\/index.php\/wp-json\/wp\/v2\/types\/page"}],"author":[{"embeddable":true,"href":"https:\/\/mbelaid.greenshelf.net\/index.php\/wp-json\/wp\/v2\/users\/1"}],"replies":[{"embeddable":true,"href":"https:\/\/mbelaid.greenshelf.net\/index.php\/wp-json\/wp\/v2\/comments?post=45"}],"version-history":[{"count":14,"href":"https:\/\/mbelaid.greenshelf.net\/index.php\/wp-json\/wp\/v2\/pages\/45\/revisions"}],"predecessor-version":[{"id":117,"href":"https:\/\/mbelaid.greenshelf.net\/index.php\/wp-json\/wp\/v2\/pages\/45\/revisions\/117"}],"wp:featuredmedia":[{"embeddable":true,"href":"https:\/\/mbelaid.greenshelf.net\/index.php\/wp-json\/wp\/v2\/media\/55"}],"wp:attachment":[{"href":"https:\/\/mbelaid.greenshelf.net\/index.php\/wp-json\/wp\/v2\/media?parent=45"}],"curies":[{"name":"wp","href":"https:\/\/api.w.org\/{rel}","templated":true}]}}